{"id":32,"date":"2025-03-05T11:13:28","date_gmt":"2025-03-05T11:13:28","guid":{"rendered":"https:\/\/redactacontext.com\/?page_id=32"},"modified":"2025-03-18T19:48:44","modified_gmt":"2025-03-18T19:48:44","slug":"inici","status":"publish","type":"page","link":"https:\/\/redactacontext.com\/","title":{"rendered":"Qui soc"},"content":{"rendered":"\n<figure class=\"wp-block-image size-full\"><img loading=\"lazy\" decoding=\"async\" width=\"1584\" height=\"274\" src=\"https:\/\/redactacontext.com\/wp-content\/uploads\/2025\/03\/Definitiu-Banner.jpg\" alt=\"\" class=\"wp-image-103\" srcset=\"https:\/\/redactacontext.com\/wp-content\/uploads\/2025\/03\/Definitiu-Banner.jpg 1584w, https:\/\/redactacontext.com\/wp-content\/uploads\/2025\/03\/Definitiu-Banner-300x52.jpg 300w, https:\/\/redactacontext.com\/wp-content\/uploads\/2025\/03\/Definitiu-Banner-1024x177.jpg 1024w, https:\/\/redactacontext.com\/wp-content\/uploads\/2025\/03\/Definitiu-Banner-768x133.jpg 768w, https:\/\/redactacontext.com\/wp-content\/uploads\/2025\/03\/Definitiu-Banner-1536x266.jpg 1536w\" sizes=\"auto, (max-width: 1584px) 100vw, 1584px\" \/><\/figure>\n\n\n\n<h1><span class=\"titols\">Qui soc?<\/span><\/h1>\n\n\n\n<p class=\"cos\">Em dic Bernat Cervell\u00f3, t\u00e8cnic superior en Gesti\u00f3 Comercial i\nM\u00e0rqueting, t\u00e8cnic superior en Prevenci\u00f3 de Riscos Laborals i\ngraduat en M\u00e0rqueting i Investigaci\u00f3 de Mercats.<br\/><br\/>\nSi b\u00e9 en el passat he pogut treballar per diverses empreses, tant\npetites com multinacionals, adoptant rols diversos com a t\u00e8cnic de\nm\u00e0rqueting i de producte, he gaudit especialment en l\u2019aprenentatge\ni l\u2019especialitzaci\u00f3 en la redacci\u00f3 professional com a font de\ncomunicaci\u00f3 de marca, de captaci\u00f3 i fidelitzaci\u00f3 de clients.<br\/><br\/>\nEl meu bagatge professional, tant dins com fora del sector del\nm\u00e0rqueting ha fet que conegui en profunditat sectors com son el de\nla log\u00edstica, el del transport, el m\u00f3n de l\u2019autoescola i l\u2019ensenyament,\nel de la seguretat laboral aix\u00ed com el dels negocis enfocats en l\u2019e-\ncommerce.<br\/><br\/>\nA m\u00e9s, per inter\u00e8s personal i oci, conec de primera m\u00e0 el diversificat\nm\u00f3n de l\u2019esport, les activitats esportives i professionals de\nmuntanya, la fotografia i videografia, els drons, les ci\u00e8ncies socials i\nnaturals, entre d\u2019altres.<br\/><br\/>\nAquest bagatge de coneixement d\u2019entorns variats sumat a les ganes\nd\u2019aprenentatge, curiositat i aprofundiment en les coses, fa que sigui\nalg\u00fa que s\u2019adapti a cada servei personalitzat emprant el llenguatge i\nles necessitats de cada sector amb naturalitat i profunditat, aplicant\nen cada cas les t\u00e8cniques de redacci\u00f3, copywriting i posicionament\nSEO necess\u00e0ries per tal d\u2019acomplir amb els objectius buscats.<\/p>\n<br\/><br\/>\n\n\n\n<p id=\"serveis\"><h1><span class=\"titols\">Quins serveis ofereixo?<\/span><\/h1><\/p>\n\n\n\n<p class=\"cos\">\n<b>Redacci\u00f3 de continguts<\/b><br\/><br\/>\n\u2713 Redacci\u00f3 d\u2019articles i posts per a blogs (SEO On-Page)<br\/>\n\u2713 Redacci\u00f3 de posts per a plataformes de xarxes socials<br\/><br\/>\n<b>Copywriting<\/b><br\/><br\/>\n\u2713 Copywriting per a p\u00e0gines web i e-commerce<br\/>\n\u2713 Copywriting de fitxes de producte i serveis<br\/>\n\u2713 Copywriting per a llan\u00e7ament de producte<br\/>\n\u2713 Redacci\u00f3 per a campanyes d\u2019email marketing i creaci\u00f3 de\nNewsletters<br\/>\n<\/p>\n<br\/><br\/>\n","protected":false},"excerpt":{"rendered":"<p>Qui soc? Em dic Bernat Cervell\u00f3, t\u00e8cnic superior en Gesti\u00f3 Comercial i M\u00e0rqueting, t\u00e8cnic superior en Prevenci\u00f3 de Riscos Laborals [&hellip;]<\/p>\n","protected":false},"author":1,"featured_media":0,"parent":0,"menu_order":0,"comment_status":"closed","ping_status":"closed","template":"","meta":{"site-sidebar-layout":"default","site-content-layout":"","ast-site-content-layout":"default","site-content-style":"default","site-sidebar-style":"default","ast-global-header-display":"","ast-banner-title-visibility":"","ast-main-header-display":"","ast-hfb-above-header-display":"","ast-hfb-below-header-display":"","ast-hfb-mobile-header-display":"","site-post-title":"disabled","ast-breadcrumbs-content":"","ast-featured-img":"","footer-sml-layout":"","theme-transparent-header-meta":"","adv-header-id-meta":"","stick-header-meta":"","header-above-stick-meta":"","header-main-stick-meta":"","header-below-stick-meta":"","astra-migrate-meta-layouts":"default","ast-page-background-enabled":"default","ast-page-background-meta":{"desktop":{"background-color":"var(--ast-global-color-5)","background-image":"","background-repeat":"repeat","background-position":"center center","background-size":"auto","background-attachment":"scroll","background-type":"","background-media":"","overlay-type":"","overlay-color":"","overlay-opacity":"","overlay-gradient":""},"tablet":{"background-color":"","background-image":"","background-repeat":"repeat","background-position":"center center","background-size":"auto","background-attachment":"scroll","background-type":"","background-media":"","overlay-type":"","overlay-color":"","overlay-opacity":"","overlay-gradient":""},"mobile":{"background-color":"","background-image":"","background-repeat":"repeat","background-position":"center center","background-size":"auto","background-attachment":"scroll","background-type":"","background-media":"","overlay-type":"","overlay-color":"","overlay-opacity":"","overlay-gradient":""}},"ast-content-background-meta":{"desktop":{"background-color":"var(--ast-global-color-4)","background-image":"","background-repeat":"repeat","background-position":"center center","background-size":"auto","background-attachment":"scroll","background-type":"","background-media":"","overlay-type":"","overlay-color":"","overlay-opacity":"","overlay-gradient":""},"tablet":{"background-color":"var(--ast-global-color-4)","background-image":"","background-repeat":"repeat","background-position":"center center","background-size":"auto","background-attachment":"scroll","background-type":"","background-media":"","overlay-type":"","overlay-color":"","overlay-opacity":"","overlay-gradient":""},"mobile":{"background-color":"var(--ast-global-color-4)","background-image":"","background-repeat":"repeat","background-position":"center center","background-size":"auto","background-attachment":"scroll","background-type":"","background-media":"","overlay-type":"","overlay-color":"","overlay-opacity":"","overlay-gradient":""}},"footnotes":""},"class_list":["post-32","page","type-page","status-publish","hentry"],"_links":{"self":[{"href":"https:\/\/redactacontext.com\/index.php?rest_route=\/wp\/v2\/pages\/32","targetHints":{"allow":["GET"]}}],"collection":[{"href":"https:\/\/redactacontext.com\/index.php?rest_route=\/wp\/v2\/pages"}],"about":[{"href":"https:\/\/redactacontext.com\/index.php?rest_route=\/wp\/v2\/types\/page"}],"author":[{"embeddable":true,"href":"https:\/\/redactacontext.com\/index.php?rest_route=\/wp\/v2\/users\/1"}],"replies":[{"embeddable":true,"href":"https:\/\/redactacontext.com\/index.php?rest_route=%2Fwp%2Fv2%2Fcomments&post=32"}],"version-history":[{"count":23,"href":"https:\/\/redactacontext.com\/index.php?rest_route=\/wp\/v2\/pages\/32\/revisions"}],"predecessor-version":[{"id":187,"href":"https:\/\/redactacontext.com\/index.php?rest_route=\/wp\/v2\/pages\/32\/revisions\/187"}],"wp:attachment":[{"href":"https:\/\/redactacontext.com\/index.php?rest_route=%2Fwp%2Fv2%2Fmedia&parent=32"}],"curies":[{"name":"wp","href":"https:\/\/api.w.org\/{rel}","templated":true}]}}